{"id":151,"date":"2019-11-04T15:29:19","date_gmt":"2019-11-04T14:29:19","guid":{"rendered":"https:\/\/www.aesono.fr\/wp_new\/?post_type=product&#038;p=151"},"modified":"2024-09-06T23:38:18","modified_gmt":"2024-09-06T21:38:18","slug":"technicien-lumiere","status":"publish","type":"product","link":"https:\/\/www.aesono.fr\/wp_new\/produit\/technicien-lumiere\/","title":{"rendered":"Technicien LUMI\u00c8RE"},"content":{"rendered":"<p>Technicien LUMI\u00c8RE pour votre prestation<br \/>\nInstallation, Exploitation et D\u00e9montage<br \/>\nRepas non compris, \u00e0 la charge du client ou factur\u00e9 (tarifs selon lieu de la prestation).<\/p>\n<p>Tarif \u00e0 la journ\u00e9e, vacation de 12h max (pause repas inclus), jusqu&rsquo;\u00e0 16h demi-cachet suppl\u00e9mentaire, au del\u00e0 double cachet.<br \/>\nDemandes particuli\u00e8res, sur devis, contactez-moi via le formulaire de <a href=\"https:\/\/www.aesono.fr\/wp_new\/contact\/\">contact<\/a>.<\/p>\n","protected":false},"excerpt":{"rendered":"<p>Technicien LUMI\u00c8RE pour votre prestation Installation, Exploitation et D\u00e9montage Repas non compris, \u00e0 la charge du client ou factur\u00e9 (tarifs selon lieu de la prestation). Tarif \u00e0 la journ\u00e9e, vacation de 12h max (pause repas inclus), jusqu&rsquo;\u00e0 16h demi-cachet suppl\u00e9mentaire, au del\u00e0 double cachet. Demandes particuli\u00e8res, sur devis, contactez-moi via le formulaire de contact.<\/p>\n","protected":false},"featured_media":0,"comment_status":"open","ping_status":"closed","template":"","meta":{"_et_pb_use_builder":"","_et_pb_old_content":"","_et_gb_content_width":""},"product_brand":[],"product_cat":[54,35,32],"product_tag":[59,56,58,60,55],"class_list":{"0":"post-151","1":"product","2":"type-product","3":"status-publish","5":"product_cat-personnel","6":"product_cat-logistique","7":"product_cat-lumiere","8":"product_tag-demontage","9":"product_tag-exploitation","10":"product_tag-installation","11":"product_tag-lumiere","12":"product_tag-technicien","14":"first","15":"instock","16":"taxable","17":"shipping-taxable","18":"purchasable","19":"product-type-simple"},"_links":{"self":[{"href":"https:\/\/www.aesono.fr\/wp_new\/wp-json\/wp\/v2\/product\/151","targetHints":{"allow":["GET"]}}],"collection":[{"href":"https:\/\/www.aesono.fr\/wp_new\/wp-json\/wp\/v2\/product"}],"about":[{"href":"https:\/\/www.aesono.fr\/wp_new\/wp-json\/wp\/v2\/types\/product"}],"replies":[{"embeddable":true,"href":"https:\/\/www.aesono.fr\/wp_new\/wp-json\/wp\/v2\/comments?post=151"}],"wp:attachment":[{"href":"https:\/\/www.aesono.fr\/wp_new\/wp-json\/wp\/v2\/media?parent=151"}],"wp:term":[{"taxonomy":"product_brand","embeddable":true,"href":"https:\/\/www.aesono.fr\/wp_new\/wp-json\/wp\/v2\/product_brand?post=151"},{"taxonomy":"product_cat","embeddable":true,"href":"https:\/\/www.aesono.fr\/wp_new\/wp-json\/wp\/v2\/product_cat?post=151"},{"taxonomy":"product_tag","embeddable":true,"href":"https:\/\/www.aesono.fr\/wp_new\/wp-json\/wp\/v2\/product_tag?post=151"}],"curies":[{"name":"wp","href":"https:\/\/api.w.org\/{rel}","templated":true}]}}